{"id":130,"date":"2010-05-28T05:59:24","date_gmt":"2010-05-28T05:59:24","guid":{"rendered":"http:\/\/www.zafiroconsultoria.cl\/?page_id=130"},"modified":"2018-12-17T13:52:57","modified_gmt":"2018-12-17T13:52:57","slug":"nosotros","status":"publish","type":"page","link":"https:\/\/zafiroconsultoria.cl\/en\/","title":{"rendered":"Nosotros"},"content":{"rendered":"<p><strong>ZAFIRO CONSULTORIA\u00a0<\/strong>es una empresa de consultor\u00eda estrat\u00e9gica especializada en desarrollo y transferencia de nuevas tecnolog\u00edas,\u00a0 valorizaci\u00f3n de propiedad intelectual, desarrollo de nuevos negocios y emprendimientos con foco en Latinoam\u00e9rica y Norteam\u00e9rica. Tenemos 10 a\u00f1os de experiencia con proyectos de Miner\u00eda, Medio Ambiente, Salud, Forestal, Alimentos, Educaci\u00f3n y TICs.<\/p>\n<p>Creemos en la innovaci\u00f3n y el emprendimiento que den respuestas a las necesidades y desaf\u00edos que enfrentamos como sociedad. Para lograrlo desarrollamos relaciones de trabajo duraderas con nuestros clientes y aliados, con el prop\u00f3sito de crecer en conjunto.<\/p>\n<p>Trabajamos con empresas, universidades, inversionistas y el sector p\u00fablico evaluando proyectos, realizando estudios de mercado, an\u00e1lisis sectoriales, proyecciones, planes de negocios, identificando fuentes de financiamiento, desarrollando estrategias y apoyando su implementaci\u00f3n.<\/p>\n<p><a href=\"https:\/\/zafiroconsultoria.cl\/contacto\/\" target=\"_blank\" rel=\"noopener\">Cont\u00e1ctenos para ver conversar como podemos ayudarle<\/a><\/p>","protected":false},"excerpt":{"rendered":"<p>ZAFIRO CONSULTORIA\u00a0es una empresa de consultor\u00eda estrat\u00e9gica especializada en desarrollo y transferencia de nuevas tecnolog\u00edas,\u00a0 valorizaci\u00f3n de propiedad intelectual, desarrollo de nuevos negocios y emprendimientos con foco en Latinoam\u00e9rica y Norteam\u00e9rica. Tenemos 10 a\u00f1os de experiencia con proyectos de Miner\u00eda, Medio Ambiente, Salud, Forestal, Alimentos, Educaci\u00f3n y TICs. Creemos en la innovaci\u00f3n y el emprendimiento que den respuestas a las necesidades y desaf\u00edos que enfrentamos como sociedad. Para lograrlo desarrollamos relaciones de trabajo duraderas con nuestros clientes y aliados, con el prop\u00f3sito de crecer en conjunto. Trabajamos con empresas, universidades, inversionistas y el sector p\u00fablico evaluando proyectos, realizando estudios de mercado, an\u00e1lisis sectoriales, proyecciones, planes<span class=\"more-link\"><a href=\"https:\/\/zafiroconsultoria.cl\/en\/\">Read More &rarr;<\/a><\/span><\/p>\n","protected":false},"author":1,"featured_media":0,"parent":0,"menu_order":0,"comment_status":"closed","ping_status":"closed","template":"","meta":[],"aioseo_notices":[],"_links":{"self":[{"href":"https:\/\/zafiroconsultoria.cl\/en\/wp-json\/wp\/v2\/pages\/130"}],"collection":[{"href":"https:\/\/zafiroconsultoria.cl\/en\/wp-json\/wp\/v2\/pages"}],"about":[{"href":"https:\/\/zafiroconsultoria.cl\/en\/wp-json\/wp\/v2\/types\/page"}],"author":[{"embeddable":true,"href":"https:\/\/zafiroconsultoria.cl\/en\/wp-json\/wp\/v2\/users\/1"}],"replies":[{"embeddable":true,"href":"https:\/\/zafiroconsultoria.cl\/en\/wp-json\/wp\/v2\/comments?post=130"}],"version-history":[{"count":44,"href":"https:\/\/zafiroconsultoria.cl\/en\/wp-json\/wp\/v2\/pages\/130\/revisions"}],"predecessor-version":[{"id":977,"href":"https:\/\/zafiroconsultoria.cl\/en\/wp-json\/wp\/v2\/pages\/130\/revisions\/977"}],"wp:attachment":[{"href":"https:\/\/zafiroconsultoria.cl\/en\/wp-json\/wp\/v2\/media?parent=130"}],"curies":[{"name":"wp","href":"https:\/\/api.w.org\/{rel}","templated":true}]}}