{"id":138,"date":"2010-05-28T06:20:52","date_gmt":"2010-05-28T06:20:52","guid":{"rendered":"http:\/\/www.zafiroconsultoria.cl\/?page_id=138"},"modified":"2018-12-17T12:28:31","modified_gmt":"2018-12-17T12:28:31","slug":"id","status":"publish","type":"page","link":"https:\/\/zafiroconsultoria.cl\/en\/id\/","title":{"rendered":"Investigaci\u00f3n y desarrollo"},"content":{"rendered":"<p><a href=\"http:\/\/www.zafiroconsultoria.cl\/blog\/wp-content\/uploads\/2009\/07\/puzzle.jpg\"><img loading=\"lazy\" class=\"alignright size-medium wp-image-103\" title=\"puzzle\" src=\"http:\/\/www.zafiroconsultoria.cl\/blog\/wp-content\/uploads\/2009\/07\/puzzle-300x199.jpg\" alt=\"\" width=\"300\" height=\"199\" srcset=\"https:\/\/zafiroconsultoria.cl\/wp-content\/uploads\/2009\/07\/puzzle-300x199.jpg 300w, https:\/\/zafiroconsultoria.cl\/wp-content\/uploads\/2009\/07\/puzzle.jpg 800w\" sizes=\"(max-width: 300px) 100vw, 300px\" \/><\/a><\/p>\n<p><strong>Zafiro Consultor\u00eda<\/strong>\u00a0est\u00e1 acreditada ante la CORFO para la evaluaci\u00f3n del potencial comercial de las tecnolog\u00edas y su propiedad intelectual (Market and IP assessment), realizando este servicio de manera exitosa para las Universidades m\u00e1s destacadas de Chile, y empresas de base tecnol\u00f3gica.<\/p>\n<p>Ofrecemos los siguientes servicios de consultor\u00eda estrat\u00e9gica para potenciar su innovaci\u00f3n, desde sus etapas iniciales, hasta su transferencia al mercado:<\/p>\n<ul>\n<li>Estudios de Mercados<\/li>\n<li>Estudios de Valorizaci\u00f3n del Mercado y Propiedad Intelectual<\/li>\n<li>Planes de Negocios<\/li>\n<li>Evaluaciones Econ\u00f3micas<\/li>\n<li>Valorizaci\u00f3n de empresas<\/li>\n<li>Desarrollo de Alianzas Estrat\u00e9gicas<\/li>\n<li>Estrategia de Financiamiento<\/li>\n<li>Gesti\u00f3n y Coordinaci\u00f3n de Proyectos<\/li>\n<li>Desarrollo de Estrategias de Comercializaci\u00f3n y Ventas<\/li>\n<li>Dise\u00f1o estrat\u00e9gico de productos, y servicios.<\/li>\n<li>Levantamiento de Fondos y Capitales de Riego<\/li>\n<li>Talleres de Innovaci\u00f3n Empresarial<\/li>\n<li>Evaluaci\u00f3n de Iniciativas de Innovaci\u00f3n<\/li>\n<\/ul>\n<p>&nbsp;<\/p>\n<p>En nuestros 10 a\u00f1os de servicio hemos apoyado a obtener m\u00e1s de USD 27 millones a diferentes iniciativas y emprendimientos innovadores. Asimismo, hemos apoyado exitosamente la creaci\u00f3n e internacionalizaci\u00f3n de spin-off y logrado introducir exitosamente productos Norteamericanos al mercado Latinoamericano.<\/p>\n<p><span style=\"text-decoration: underline;\">Cont\u00e1ctenos para ver conversar como podemos ayudarle<\/span><\/p>","protected":false},"excerpt":{"rendered":"<p>Zafiro Consultor\u00eda\u00a0est\u00e1 acreditada ante la CORFO para la evaluaci\u00f3n del potencial comercial de las tecnolog\u00edas y su propiedad intelectual (Market and IP assessment), realizando este servicio de manera exitosa para las Universidades m\u00e1s destacadas de Chile, y empresas de base tecnol\u00f3gica. Ofrecemos los siguientes servicios de consultor\u00eda estrat\u00e9gica para potenciar su innovaci\u00f3n, desde sus etapas iniciales, hasta su transferencia al mercado: Estudios de Mercados Estudios de Valorizaci\u00f3n del Mercado y Propiedad Intelectual Planes de Negocios Evaluaciones Econ\u00f3micas Valorizaci\u00f3n de empresas Desarrollo de Alianzas Estrat\u00e9gicas Estrategia de Financiamiento Gesti\u00f3n y Coordinaci\u00f3n de Proyectos Desarrollo de Estrategias de Comercializaci\u00f3n y Ventas Dise\u00f1o estrat\u00e9gico de productos, y servicios.<span class=\"more-link\"><a href=\"https:\/\/zafiroconsultoria.cl\/en\/id\/\">Read More &rarr;<\/a><\/span><\/p>\n","protected":false},"author":1,"featured_media":0,"parent":0,"menu_order":2,"comment_status":"closed","ping_status":"closed","template":"","meta":[],"aioseo_notices":[],"_links":{"self":[{"href":"https:\/\/zafiroconsultoria.cl\/en\/wp-json\/wp\/v2\/pages\/138"}],"collection":[{"href":"https:\/\/zafiroconsultoria.cl\/en\/wp-json\/wp\/v2\/pages"}],"about":[{"href":"https:\/\/zafiroconsultoria.cl\/en\/wp-json\/wp\/v2\/types\/page"}],"author":[{"embeddable":true,"href":"https:\/\/zafiroconsultoria.cl\/en\/wp-json\/wp\/v2\/users\/1"}],"replies":[{"embeddable":true,"href":"https:\/\/zafiroconsultoria.cl\/en\/wp-json\/wp\/v2\/comments?post=138"}],"version-history":[{"count":59,"href":"https:\/\/zafiroconsultoria.cl\/en\/wp-json\/wp\/v2\/pages\/138\/revisions"}],"predecessor-version":[{"id":965,"href":"https:\/\/zafiroconsultoria.cl\/en\/wp-json\/wp\/v2\/pages\/138\/revisions\/965"}],"wp:attachment":[{"href":"https:\/\/zafiroconsultoria.cl\/en\/wp-json\/wp\/v2\/media?parent=138"}],"curies":[{"name":"wp","href":"https:\/\/api.w.org\/{rel}","templated":true}]}}