{"id":146,"date":"2010-05-28T06:26:41","date_gmt":"2010-05-28T06:26:41","guid":{"rendered":"http:\/\/www.zafiroconsultoria.cl\/?page_id=146"},"modified":"2018-12-17T13:14:52","modified_gmt":"2018-12-17T13:14:52","slug":"equipo","status":"publish","type":"page","link":"https:\/\/zafiroconsultoria.cl\/en\/equipo\/","title":{"rendered":"Equipo"},"content":{"rendered":"<p><\/p>\n<h3><\/h3>\n<h3><em><strong class=\"apply-lightbox\"><a href=\"https:\/\/abcdust.net\/wp-content\/uploads\/2014\/08\/Samuel-Toledo.png\" data-src=\"https:\/\/abcdust.net\/wp-content\/uploads\/2014\/08\/Samuel-Toledo.png\" data-lightbox=\"yes\"><img loading=\"lazy\" class=\"alignleft wp-image-2693 size-thumbnail\" src=\"https:\/\/abcdust.net\/wp-content\/uploads\/2014\/08\/Samuel-Toledo-150x150.png\" sizes=\"(max-width: 150px) 100vw, 150px\" srcset=\"https:\/\/abcdust.net\/wp-content\/uploads\/2014\/08\/Samuel-Toledo-150x150.png 150w, https:\/\/abcdust.net\/wp-content\/uploads\/2014\/08\/Samuel-Toledo-100x100.png 100w, https:\/\/abcdust.net\/wp-content\/uploads\/2014\/08\/Samuel-Toledo-175x175.png 175w\" alt=\"\" width=\"150\" height=\"150\" \/><\/a><\/strong><\/em><\/h3>\n<h2>SAMUEL TOLEDO<\/h2>\n<p>Director, Socio Fundador<\/p>\n<p>Ingeniero comercial, con Maestr\u00edas en Finanzas y Marketing de la Universidad Adolfo Ib\u00e1\u00f1ez. Especializado en gestion del I+D en Harvard University, y en emprendimiento y transferencia tecnol\u00f3gica en\u00a0 el IC2 Institute de University of Texas at Austin.<\/p>\n<p>Samuel tiene m\u00e1s de 14 a\u00f1os de experiencia en la evaluaci\u00f3n, desarrollo, financiamiento y comercializaci\u00f3n de nuevas tecnolog\u00edas y emprendimientos. Posee experiencia trabajando con emprendimientos, universidades, multinacionales y fondos p\u00fablicos y privados para la innovaci\u00f3n y el emprendimiento.<\/p>\n<h3><em><strong class=\"apply-lightbox\"><a href=\"https:\/\/abcdust.net\/wp-content\/uploads\/2014\/08\/Rafael-Toledo.png\" data-src=\"https:\/\/abcdust.net\/wp-content\/uploads\/2014\/08\/Rafael-Toledo.png\" data-lightbox=\"yes\"><img loading=\"lazy\" class=\"alignleft wp-image-2695\" src=\"https:\/\/abcdust.net\/wp-content\/uploads\/2014\/08\/Rafael-Toledo.png\" sizes=\"(max-width: 150px) 100vw, 150px\" srcset=\"https:\/\/abcdust.net\/wp-content\/uploads\/2014\/08\/Rafael-Toledo.png 139w, https:\/\/abcdust.net\/wp-content\/uploads\/2014\/08\/Rafael-Toledo-100x100.png 100w\" alt=\"\" width=\"150\" height=\"150\" \/><\/a><\/strong><\/em><\/h3>\n<h2>RAFAEL TOLEDO SUBIRANA<\/h2>\n<p>Director<\/p>\n<p>Msc. Ing. Industrial &amp; MBA PUCC \u2013 Ing. Civil Construcci\u00f3n<\/p>\n<p>Ingeniero Civil Construcci\u00f3n, con Maestr\u00edas en la PUCC, posee m\u00e1s de 15 a\u00f1os de experiencia en administraci\u00f3n de contratos, dise\u00f1o de procesos e integraci\u00f3n de tecnologias para procesos industriales. Previamente trabajo para Microsoft como KAM para la integraci\u00f3n de tecnolog\u00edas en el sector acad\u00e9mico.<\/p>\n<h3><em><strong>\u00a0<\/strong><\/em><\/h3>\n<h3><em><strong class=\"apply-lightbox\"><a href=\"https:\/\/abcdust.net\/wp-content\/uploads\/2014\/08\/Carolina-Valenzuela.png\" data-src=\"https:\/\/abcdust.net\/wp-content\/uploads\/2014\/08\/Carolina-Valenzuela.png\" data-lightbox=\"yes\"><img loading=\"lazy\" class=\"wp-image-2694 size-thumbnail alignleft\" src=\"https:\/\/abcdust.net\/wp-content\/uploads\/2014\/08\/Carolina-Valenzuela-150x150.png\" sizes=\"(max-width: 150px) 100vw, 150px\" srcset=\"https:\/\/abcdust.net\/wp-content\/uploads\/2014\/08\/Carolina-Valenzuela-150x150.png 150w, https:\/\/abcdust.net\/wp-content\/uploads\/2014\/08\/Carolina-Valenzuela-100x100.png 100w, https:\/\/abcdust.net\/wp-content\/uploads\/2014\/08\/Carolina-Valenzuela-175x175.png 175w\" alt=\"\" width=\"150\" height=\"150\" \/><\/a><\/strong><\/em><\/h3>\n<h2>CAROLINA VALENZUELA<\/h2>\n<p>Gerente de Administraci\u00f3n \u2013 Coordinaci\u00f3n Proyectos<\/p>\n<p>Ingeniero Comercial \u2013 Universidad Diego Portales<\/p>\n<p>Ingeniera Comercial con m\u00e1s 10 a\u00f1os de experiencia en la administraci\u00f3n de empresas de bienes y servicios. Asimismo, cuenta con experiencia en la supervisi\u00f3n y ejecuci\u00f3n de contratos de servicio en las areas de educaci\u00f3n, miner\u00eda y salud.<\/p>","protected":false},"excerpt":{"rendered":"<p>SAMUEL TOLEDO Director, Socio Fundador Ingeniero comercial, con Maestr\u00edas en Finanzas y Marketing de la Universidad Adolfo Ib\u00e1\u00f1ez. Especializado en gestion del I+D en Harvard University, y en emprendimiento y transferencia tecnol\u00f3gica en\u00a0 el IC2 Institute de University of Texas at Austin. Samuel tiene m\u00e1s de 14 a\u00f1os de experiencia en la evaluaci\u00f3n, desarrollo, financiamiento y comercializaci\u00f3n de nuevas tecnolog\u00edas y emprendimientos. Posee experiencia trabajando con emprendimientos, universidades, multinacionales y fondos p\u00fablicos y privados para la innovaci\u00f3n y el emprendimiento. RAFAEL TOLEDO SUBIRANA Director Msc. Ing. Industrial &amp; MBA PUCC \u2013 Ing. Civil Construcci\u00f3n Ingeniero Civil Construcci\u00f3n, con Maestr\u00edas en la PUCC, posee m\u00e1s de<span class=\"more-link\"><a href=\"https:\/\/zafiroconsultoria.cl\/en\/equipo\/\">Read More &rarr;<\/a><\/span><\/p>\n","protected":false},"author":1,"featured_media":0,"parent":0,"menu_order":6,"comment_status":"closed","ping_status":"closed","template":"","meta":[],"aioseo_notices":[],"_links":{"self":[{"href":"https:\/\/zafiroconsultoria.cl\/en\/wp-json\/wp\/v2\/pages\/146"}],"collection":[{"href":"https:\/\/zafiroconsultoria.cl\/en\/wp-json\/wp\/v2\/pages"}],"about":[{"href":"https:\/\/zafiroconsultoria.cl\/en\/wp-json\/wp\/v2\/types\/page"}],"author":[{"embeddable":true,"href":"https:\/\/zafiroconsultoria.cl\/en\/wp-json\/wp\/v2\/users\/1"}],"replies":[{"embeddable":true,"href":"https:\/\/zafiroconsultoria.cl\/en\/wp-json\/wp\/v2\/comments?post=146"}],"version-history":[{"count":60,"href":"https:\/\/zafiroconsultoria.cl\/en\/wp-json\/wp\/v2\/pages\/146\/revisions"}],"predecessor-version":[{"id":973,"href":"https:\/\/zafiroconsultoria.cl\/en\/wp-json\/wp\/v2\/pages\/146\/revisions\/973"}],"wp:attachment":[{"href":"https:\/\/zafiroconsultoria.cl\/en\/wp-json\/wp\/v2\/media?parent=146"}],"curies":[{"name":"wp","href":"https:\/\/api.w.org\/{rel}","templated":true}]}}