{"id":383,"date":"2013-09-18T02:15:31","date_gmt":"2013-09-18T02:15:31","guid":{"rendered":"http:\/\/www.zafiroconsultoria.cl\/?page_id=383"},"modified":"2018-12-17T13:56:50","modified_gmt":"2018-12-17T13:56:50","slug":"servicios-para-la-construccion","status":"publish","type":"page","link":"https:\/\/zafiroconsultoria.cl\/en\/servicios-para-la-construccion\/","title":{"rendered":"Construcci\u00f3n"},"content":{"rendered":"<p>Zafiro Consultor\u00eda tiene experiencia en la coordinaci\u00f3n digital de proyectos (CDP) y la gesti\u00f3n de proveedores estrat\u00e9gicos de ingenier\u00eda y construcci\u00f3n (GPEIC) que sirvan y se integren como socios de negocios en un equipo integrado de proyecto (EIP).<\/p>\n<p>Nuestro compromiso con la excelencia en la ejecuci\u00f3n y acompa\u00f1amiento para lograr los objetivos del proyectos, hacen de la satisfacci\u00f3n, calidad y el logro del potencial de nuestros clientes sea nuestra misi\u00f3n. Nuestra oferta de servicios en MARFIL (Bolivia) y CAFA (Chile) incluye:<\/p>\n<p><strong>Inmobiliaria \/ Real Estate &amp; Development<\/strong><\/p>\n<ul>\n<li>Dise\u00f1o e innovaci\u00f3n en conceptos y productos inmobiliarios<\/li>\n<li>Planificaci\u00f3n maestra de terrenos<\/li>\n<li>Planificaci\u00f3n y evaluaci\u00f3n de riesgos en la toma de control de terrenos<\/li>\n<li>Evaluaci\u00f3n de factibilidad Econ\u00f3mica de su proyecto<\/li>\n<li>Desarrollo de estrategias de Marketing y\u00a0comercializaci\u00f3n de proyectos<\/li>\n<li>Planificaci\u00f3n del financiamiento<\/li>\n<li>Representaci\u00f3n y administraci\u00f3n de contratos de inversiones en proyectos<\/li>\n<\/ul>\n<p>&nbsp;<\/p>\n<p><strong>Ingenier\u00eda y Construcci\u00f3n<\/strong><strong>\u00a0<\/strong><\/p>\n<ul>\n<li>Coordinaci\u00f3n digital de proyectos (CDP)<\/li>\n<li>Dise\u00f1o arquitect\u00f3nico, planos de ingenier\u00eda y pliego de especificaciones<\/li>\n<li>Administraci\u00f3n de la Construcci\u00f3n<\/li>\n<li>Gesti\u00f3n de proveedores estrat\u00e9gicos de ingenier\u00eda y construcci\u00f3n (GPEIC)<\/li>\n<li>Planificaci\u00f3n estrat\u00e9gica de contratos<\/li>\n<li>Estructuraci\u00f3n y Gesti\u00f3n financiera de contratos de construcci\u00f3n<\/li>\n<\/ul>\n<p>&nbsp;<\/p>\n<p>Contamos con la experiencia internacional asesorando el dise\u00f1o, construcci\u00f3n y comercializaci\u00f3n de 500 mil m2 en proyectos de uso m\u00faltiple, inmobiliario, hospitalario y salud. Asimismo, organizando y estructurando empresas inmobiliarias y de construcci\u00f3n.<\/p>\n<p>&nbsp;<\/p>\n<p><strong><a href=\"http:\/\/www.zafiroconsultoria.cl\/blog\/wp-content\/uploads\/2013\/09\/impresiones_brochure3.jpg\"><img loading=\"lazy\" class=\"alignleft size-full wp-image-757\" title=\"impresiones_brochure3\" src=\"http:\/\/www.zafiroconsultoria.cl\/blog\/wp-content\/uploads\/2013\/09\/impresiones_brochure3.jpg\" alt=\"\" width=\"263\" height=\"264\" srcset=\"https:\/\/zafiroconsultoria.cl\/wp-content\/uploads\/2013\/09\/impresiones_brochure3.jpg 263w, https:\/\/zafiroconsultoria.cl\/wp-content\/uploads\/2013\/09\/impresiones_brochure3-150x150.jpg 150w, https:\/\/zafiroconsultoria.cl\/wp-content\/uploads\/2013\/09\/impresiones_brochure3-95x95.jpg 95w, https:\/\/zafiroconsultoria.cl\/wp-content\/uploads\/2013\/09\/impresiones_brochure3-124x124.jpg 124w\" sizes=\"(max-width: 263px) 100vw, 263px\" \/><\/a><a href=\"http:\/\/www.zafiroconsultoria.cl\/blog\/wp-content\/uploads\/2013\/09\/impresiones_brochure4.jpg\"><img loading=\"lazy\" class=\"alignleft size-full wp-image-758\" title=\"impresiones_brochure4\" src=\"http:\/\/www.zafiroconsultoria.cl\/blog\/wp-content\/uploads\/2013\/09\/impresiones_brochure4.jpg\" alt=\"\" width=\"263\" height=\"132\" \/><\/a><a href=\"http:\/\/www.zafiroconsultoria.cl\/contacto\/\">Cont\u00e1ctenos para discutir sus proyectos e iniciativas<\/a><\/strong><\/p>","protected":false},"excerpt":{"rendered":"<p>Zafiro Consultor\u00eda tiene experiencia en la coordinaci\u00f3n digital de proyectos (CDP) y la gesti\u00f3n de proveedores estrat\u00e9gicos de ingenier\u00eda y construcci\u00f3n (GPEIC) que sirvan y se integren como socios de negocios en un equipo integrado de proyecto (EIP). Nuestro compromiso con la excelencia en la ejecuci\u00f3n y acompa\u00f1amiento para lograr los objetivos del proyectos, hacen de la satisfacci\u00f3n, calidad y el logro del potencial de nuestros clientes sea nuestra misi\u00f3n. Nuestra oferta de servicios en MARFIL (Bolivia) y CAFA (Chile) incluye: Inmobiliaria \/ Real Estate &amp; Development Dise\u00f1o e innovaci\u00f3n en conceptos y productos inmobiliarios Planificaci\u00f3n maestra de terrenos Planificaci\u00f3n y evaluaci\u00f3n de riesgos en<span class=\"more-link\"><a href=\"https:\/\/zafiroconsultoria.cl\/en\/servicios-para-la-construccion\/\">Read More &rarr;<\/a><\/span><\/p>\n","protected":false},"author":2,"featured_media":979,"parent":0,"menu_order":0,"comment_status":"open","ping_status":"open","template":"","meta":[],"aioseo_notices":[],"_links":{"self":[{"href":"https:\/\/zafiroconsultoria.cl\/en\/wp-json\/wp\/v2\/pages\/383"}],"collection":[{"href":"https:\/\/zafiroconsultoria.cl\/en\/wp-json\/wp\/v2\/pages"}],"about":[{"href":"https:\/\/zafiroconsultoria.cl\/en\/wp-json\/wp\/v2\/types\/page"}],"author":[{"embeddable":true,"href":"https:\/\/zafiroconsultoria.cl\/en\/wp-json\/wp\/v2\/users\/2"}],"replies":[{"embeddable":true,"href":"https:\/\/zafiroconsultoria.cl\/en\/wp-json\/wp\/v2\/comments?post=383"}],"version-history":[{"count":16,"href":"https:\/\/zafiroconsultoria.cl\/en\/wp-json\/wp\/v2\/pages\/383\/revisions"}],"predecessor-version":[{"id":980,"href":"https:\/\/zafiroconsultoria.cl\/en\/wp-json\/wp\/v2\/pages\/383\/revisions\/980"}],"wp:featuredmedia":[{"embeddable":true,"href":"https:\/\/zafiroconsultoria.cl\/en\/wp-json\/wp\/v2\/media\/979"}],"wp:attachment":[{"href":"https:\/\/zafiroconsultoria.cl\/en\/wp-json\/wp\/v2\/media?parent=383"}],"curies":[{"name":"wp","href":"https:\/\/api.w.org\/{rel}","templated":true}]}}