{"id":484,"date":"2015-08-06T18:17:03","date_gmt":"2015-08-06T18:17:03","guid":{"rendered":"http:\/\/www.zafiroconsultoria.cl\/?page_id=484"},"modified":"2018-12-17T12:39:18","modified_gmt":"2018-12-17T12:39:18","slug":"aliados","status":"publish","type":"page","link":"https:\/\/zafiroconsultoria.cl\/en\/aliados\/","title":{"rendered":"Alianzas"},"content":{"rendered":"<p><img loading=\"lazy\" class=\"alignleft wp-image-640\" title=\"3\" src=\"http:\/\/www.zafiroconsultoria.cl\/blog\/wp-content\/uploads\/2015\/08\/3.jpg\" alt=\"\" width=\"198\" height=\"144.2\" \/><\/p>\n<p>&nbsp;<\/p>\n<p><a href=\"www.pdac.ca\" target=\"_blank\" rel=\"noopener\">www.pdac.ca<\/a><\/p>\n<p>Zafiro Consultor\u00eda participa activamente de las actividades organizadas por la PDAC, y de su congreso anual. \u00a0En dicha ocasi\u00f3n se identifican oportunidades de innovaci\u00f3n e inversi\u00f3n en la miner\u00eda a nivel mundial.<\/p>\n<p>&nbsp;<\/p>\n<p>&nbsp;<\/p>\n<p><a href=\"http:\/\/www.zafiroconsultoria.cl\/blog\/wp-content\/uploads\/2015\/08\/UCcolor.png\"><img loading=\"lazy\" class=\"alignleft size-full wp-image-578\" src=\"http:\/\/www.zafiroconsultoria.cl\/blog\/wp-content\/uploads\/2015\/08\/UCcolor.png\" alt=\"UCcolor\" width=\"198\" height=\"115\" \/><\/a><a href=\"http:\/\/www.puc.cl\" target=\"_blank\" rel=\"noopener\">www.puc.cl<\/a><\/p>\n<p>Zafiro Consultor\u00eda es uno de los proveedores estrat\u00e9gicos de la Pontificia Universidad Cat\u00f3lica de Chile, para la evaluaci\u00f3n y desarrollo de tecnolog\u00edas y capacidades tecnol\u00f3gicas en el \u00e1rea de Salud Humana.<\/p>\n<p>&nbsp;<\/p>\n<p>&nbsp;<\/p>\n<p><a href=\"http:\/\/www.zafiroconsultoria.cl\/blog\/wp-content\/uploads\/2015\/08\/usach.jpg\"><img loading=\"lazy\" class=\"alignleft size-full wp-image-580\" src=\"http:\/\/www.zafiroconsultoria.cl\/blog\/wp-content\/uploads\/2015\/08\/usach.jpg\" alt=\"usach\" width=\"198\" height=\"115\" \/><\/a><a href=\"http:\/\/www.usach.cl\" target=\"_blank\" rel=\"noopener\">www.usach.cl<\/a>:<\/p>\n<p>Zafiro Consultor\u00eda es un proveedor estrat\u00e9gico de asesor\u00edas de la Universidad Santiago de Chile para la evaluaci\u00f3n de proyectos, tecnolog\u00edas y propiedad intelectual en diversas \u00e1reas tales como Miner\u00eda, Medio Ambiente, Energ\u00eda y Alimentos.\u00a0 Hemos apoyado exitosamente la creaci\u00f3n de empresas spin off y su internacionalizaci\u00f3n, as\u00ed como el desarrollo de vinculaciones con la industria nacional e internacional para el desarrollo de proyectos de I+D de alto impacto.<\/p>\n<p>&nbsp;<\/p>\n<p>&nbsp;<\/p>\n<p><a href=\"http:\/\/www.zafiroconsultoria.cl\/blog\/wp-content\/uploads\/2015\/08\/aic.jpg\"><img loading=\"lazy\" class=\"alignleft size-full wp-image-583\" src=\"http:\/\/www.zafiroconsultoria.cl\/blog\/wp-content\/uploads\/2015\/08\/aic.jpg\" alt=\"aic\" width=\"198\" height=\"115\" \/><\/a><\/p>\n<p><a href=\"http:\/\/www.uai.cl\" target=\"_blank\" rel=\"noopener\">www.uai.cl<\/a> :<\/p>\n<p>Contamos con una alianza estrat\u00e9gica para apoyar las iniciativas de I+D,\u00a0 innovaci\u00f3n y emprendimiento promovidas por la Universidad Adolfo Ib\u00e1\u00f1ez.<\/p>\n<p>&nbsp;<\/p>\n<p>&nbsp;<\/p>\n<p><a href=\"http:\/\/www.zafiroconsultoria.cl\/blog\/wp-content\/uploads\/2015\/08\/fonini.jpg\"><img loading=\"lazy\" class=\"alignleft size-full wp-image-584\" src=\"http:\/\/www.zafiroconsultoria.cl\/blog\/wp-content\/uploads\/2015\/08\/fonini.jpg\" alt=\"fonini\" width=\"198\" height=\"115\" \/><\/a><a href=\"http:\/\/www.clinicafoianini.com\" target=\"_blank\" rel=\"noopener\">www.clinicafoianini.com<\/a>;<\/p>\n<p>Asesoramos al Grupo Foianini en la evaluaci\u00f3n de iniciativas de crecimiento y desarrollo inmobiliario, as\u00ed como en la identificaci\u00f3n y selecci\u00f3n de proveedores de servicios de construcci\u00f3n e ingenier\u00eda especializados para la construcci\u00f3n y ampliaci\u00f3n de sus cl\u00ednicas y centros de salud.<\/p>\n<p>&nbsp;<\/p>\n<p>&nbsp;<\/p>\n<p><a href=\"http:\/\/www.zafiroconsultoria.cl\/blog\/wp-content\/uploads\/2015\/08\/shift.jpg\"><img loading=\"lazy\" class=\"alignleft size-full wp-image-585\" src=\"http:\/\/www.zafiroconsultoria.cl\/blog\/wp-content\/uploads\/2015\/08\/shift.jpg\" alt=\"shift\" width=\"198\" height=\"115\" \/><\/a><a href=\"http:\/\/www.shifthealth.com\/\" target=\"_blank\" rel=\"noopener\">www.shifthealth.com<\/a>:<\/p>\n<p>Aliado estrat\u00e9gico para la evaluaci\u00f3n y promoci\u00f3n de innovaciones en la industria de Salud en Chile y Latinoam\u00e9rica.<\/p>\n<p>&nbsp;<\/p>\n<p>&nbsp;<\/p>\n<p><a href=\"http:\/\/www.zafiroconsultoria.cl\/blog\/wp-content\/uploads\/2015\/08\/corfo.jpg\"><img loading=\"lazy\" class=\"alignleft size-full wp-image-586\" src=\"http:\/\/www.zafiroconsultoria.cl\/blog\/wp-content\/uploads\/2015\/08\/corfo.jpg\" alt=\"corfo\" width=\"198\" height=\"115\" \/><\/a><a href=\"http:\/\/www.corfo.cl\" target=\"_blank\" rel=\"noopener\">www.corfo.cl<\/a>:<\/p>\n<p>Zafiro Consultor\u00eda es una entidad acreditada por la CORFO para la realizaci\u00f3n de estudios de valorizaci\u00f3n de mercados y propiedad intelectual de nuevas tecnolog\u00edas.<\/p>\n<p>&nbsp;<\/p>\n<p>&nbsp;<\/p>\n<p><a href=\"http:\/\/www.zafiroconsultoria.cl\/blog\/wp-content\/uploads\/2015\/08\/cim.jpg\"><img loading=\"lazy\" class=\"alignleft size-full wp-image-587\" src=\"http:\/\/www.zafiroconsultoria.cl\/blog\/wp-content\/uploads\/2015\/08\/cim.jpg\" alt=\"cim\" width=\"198\" height=\"115\" \/><\/a><a href=\"http:\/\/www.cim.org\" target=\"_blank\" rel=\"noopener\">www.cim.org<\/a>:<\/p>\n<p>Nuestro equipo profesional esta afiliado al Canadian Mining Institute of Metallurgy,\u00a0 participando como presentador en temas de sustentabilidad y bioremediacion de pasivos mineros en el congreso anual organizados por CIM.<\/p>\n<p>&nbsp;<\/p>\n<p><a href=\"http:\/\/www.zafiroconsultoria.cl\/blog\/wp-content\/uploads\/2015\/08\/camara.jpg\"><img loading=\"lazy\" class=\"alignleft size-full wp-image-589\" src=\"http:\/\/www.zafiroconsultoria.cl\/blog\/wp-content\/uploads\/2015\/08\/camara.jpg\" alt=\"camara\" width=\"198\" height=\"115\" \/><\/a><a href=\"http:\/\/www.chile-canada-chamber.cl\/\" target=\"_blank\" rel=\"noopener\">www.chile-canada-chamber.cl<\/a>\u00a0:<\/p>\n<p>Zafiro Consultor\u00eda es una empresa miembro de la C\u00e1mara Chileno Canadiense.<\/p>\n<p>&nbsp;<\/p>\n<p>&nbsp;<\/p>\n<p>&nbsp;<\/p>\n<p><strong><a href=\"http:\/\/www.zafiroconsultoria.cl\/contacto\/\">Cont\u00e1ctenos para discutir sus proyectos\/iniciativas<\/a><\/strong><\/p>","protected":false},"excerpt":{"rendered":"<p>&nbsp; www.pdac.ca Zafiro Consultor\u00eda participa activamente de las actividades organizadas por la PDAC, y de su congreso anual. \u00a0En dicha ocasi\u00f3n se identifican oportunidades de innovaci\u00f3n e inversi\u00f3n en la miner\u00eda a nivel mundial. &nbsp; &nbsp; www.puc.cl Zafiro Consultor\u00eda es uno de los proveedores estrat\u00e9gicos de la Pontificia Universidad Cat\u00f3lica de Chile, para la evaluaci\u00f3n y desarrollo de tecnolog\u00edas y capacidades tecnol\u00f3gicas en el \u00e1rea de Salud Humana. &nbsp; &nbsp; www.usach.cl: Zafiro Consultor\u00eda es un proveedor estrat\u00e9gico de asesor\u00edas de la Universidad Santiago de Chile para la evaluaci\u00f3n de proyectos, tecnolog\u00edas y propiedad intelectual en diversas \u00e1reas tales como Miner\u00eda, Medio Ambiente, Energ\u00eda y Alimentos.\u00a0<span class=\"more-link\"><a href=\"https:\/\/zafiroconsultoria.cl\/en\/aliados\/\">Read More &rarr;<\/a><\/span><\/p>\n","protected":false},"author":2,"featured_media":0,"parent":0,"menu_order":7,"comment_status":"closed","ping_status":"closed","template":"","meta":[],"aioseo_notices":[],"_links":{"self":[{"href":"https:\/\/zafiroconsultoria.cl\/en\/wp-json\/wp\/v2\/pages\/484"}],"collection":[{"href":"https:\/\/zafiroconsultoria.cl\/en\/wp-json\/wp\/v2\/pages"}],"about":[{"href":"https:\/\/zafiroconsultoria.cl\/en\/wp-json\/wp\/v2\/types\/page"}],"author":[{"embeddable":true,"href":"https:\/\/zafiroconsultoria.cl\/en\/wp-json\/wp\/v2\/users\/2"}],"replies":[{"embeddable":true,"href":"https:\/\/zafiroconsultoria.cl\/en\/wp-json\/wp\/v2\/comments?post=484"}],"version-history":[{"count":27,"href":"https:\/\/zafiroconsultoria.cl\/en\/wp-json\/wp\/v2\/pages\/484\/revisions"}],"predecessor-version":[{"id":967,"href":"https:\/\/zafiroconsultoria.cl\/en\/wp-json\/wp\/v2\/pages\/484\/revisions\/967"}],"wp:attachment":[{"href":"https:\/\/zafiroconsultoria.cl\/en\/wp-json\/wp\/v2\/media?parent=484"}],"curies":[{"name":"wp","href":"https:\/\/api.w.org\/{rel}","templated":true}]}}