{"id":510,"date":"2015-08-11T14:11:38","date_gmt":"2015-08-11T14:11:38","guid":{"rendered":"http:\/\/www.zafiroconsultoria.cl\/?page_id=510"},"modified":"2018-12-17T11:55:42","modified_gmt":"2018-12-17T11:55:42","slug":"investigacion-y-desarrollo","status":"publish","type":"page","link":"https:\/\/zafiroconsultoria.cl\/en\/investigacion-y-desarrollo\/","title":{"rendered":"Investigaci\u00f3n y desarrollo"},"content":{"rendered":"<p><\/p>\n<p style=\"text-align: left;\"><strong><a href=\"http:\/\/www.zafiroconsultoria.cl\/blog\/wp-content\/uploads\/2009\/07\/puzzle.jpg\"><img loading=\"lazy\" class=\"alignright size-medium wp-image-103\" title=\"puzzle\" src=\"http:\/\/www.zafiroconsultoria.cl\/blog\/wp-content\/uploads\/2009\/07\/puzzle-300x199.jpg\" alt=\"\" width=\"300\" height=\"199\" srcset=\"https:\/\/zafiroconsultoria.cl\/wp-content\/uploads\/2009\/07\/puzzle-300x199.jpg 300w, https:\/\/zafiroconsultoria.cl\/wp-content\/uploads\/2009\/07\/puzzle.jpg 800w\" sizes=\"(max-width: 300px) 100vw, 300px\" \/><\/a>Zafiro Consultor\u00eda<\/strong> est\u00e1 acreditada ante la CORFO para la evaluaci\u00f3n del potencial comercial de las tecnolog\u00edas y su propiedad intelectual (Market and IP assessment), realizando este servicio de manera exitosa para las Universidades m\u00e1s destacadas de Chile, y empresas de base tecnol\u00f3gica.<\/p>\n<p style=\"text-align: left;\">Contamos con capacidades probadas en para apoyar a proyectos de I+D desde sus etapas iniciales, hasta su transferencia al mercado.<\/p>\n<p style=\"text-align: left;\">Nuestra oferta de servicios para investigadores y oficinas de transferencia tecnol\u00f3gica:<\/p>\n<ul>\n<li>Evaluaci\u00f3n temprana del potencial de iniciativas de I+D<\/li>\n<li>Evaluaciones Econ\u00f3mica para proyectos de I+D precompetitivos y bienes p\u00fablicos<\/li>\n<li>Desarrollo de estrategia de financiamiento y proyectos de I+D<\/li>\n<li>B\u00fasqueda de socios para colaboraci\u00f3n para proyectos de I+D<\/li>\n<li>Apoyo en la gesti\u00f3n y administraci\u00f3n de proyectos de I+D<\/li>\n<li>Estudios de Valorizaci\u00f3n del Mercado y Propiedad Intelectual de nuevas tecnolog\u00edas<\/li>\n<li>Estudios de Mercados<\/li>\n<li>Planes de Negocios y de Transferencia Tecnol\u00f3gica<\/li>\n<li>Apoyo al licenciamiento de tecnolog\u00edas y la organizaci\u00f3n de spin-offs y start-ups<\/li>\n<li>Revisi\u00f3n de portafolios de I+D, innovaci\u00f3n y emprendimiento<\/li>\n<\/ul>\n<p>En nuestros 10 a\u00f1os de servicio hemos apoyado a m\u00e1s de 150 proyectos a obtener m\u00e1s de USD 27 millones, la creaci\u00f3n de dos spin-off e internacionalizaci\u00f3n de dos emprendimientos de base tecnologica.<\/p>\n<p>&nbsp;<\/p>\n<p><span style=\"text-decoration: underline;\">Cont\u00e1ctenos para ver conversar como podemos ayudarle<\/span><\/p>","protected":false},"excerpt":{"rendered":"<p>Zafiro Consultor\u00eda est\u00e1 acreditada ante la CORFO para la evaluaci\u00f3n del potencial comercial de las tecnolog\u00edas y su propiedad intelectual (Market and IP assessment), realizando este servicio de manera exitosa para las Universidades m\u00e1s destacadas de Chile, y empresas de base tecnol\u00f3gica. Contamos con capacidades probadas en para apoyar a proyectos de I+D desde sus etapas iniciales, hasta su transferencia al mercado. Nuestra oferta de servicios para investigadores y oficinas de transferencia tecnol\u00f3gica: Evaluaci\u00f3n temprana del potencial de iniciativas de I+D Evaluaciones Econ\u00f3mica para proyectos de I+D precompetitivos y bienes p\u00fablicos Desarrollo de estrategia de financiamiento y proyectos de I+D B\u00fasqueda de socios para colaboraci\u00f3n<span class=\"more-link\"><a href=\"https:\/\/zafiroconsultoria.cl\/en\/investigacion-y-desarrollo\/\">Read More &rarr;<\/a><\/span><\/p>\n","protected":false},"author":2,"featured_media":927,"parent":0,"menu_order":0,"comment_status":"open","ping_status":"closed","template":"","meta":[],"aioseo_notices":[],"_links":{"self":[{"href":"https:\/\/zafiroconsultoria.cl\/en\/wp-json\/wp\/v2\/pages\/510"}],"collection":[{"href":"https:\/\/zafiroconsultoria.cl\/en\/wp-json\/wp\/v2\/pages"}],"about":[{"href":"https:\/\/zafiroconsultoria.cl\/en\/wp-json\/wp\/v2\/types\/page"}],"author":[{"embeddable":true,"href":"https:\/\/zafiroconsultoria.cl\/en\/wp-json\/wp\/v2\/users\/2"}],"replies":[{"embeddable":true,"href":"https:\/\/zafiroconsultoria.cl\/en\/wp-json\/wp\/v2\/comments?post=510"}],"version-history":[{"count":14,"href":"https:\/\/zafiroconsultoria.cl\/en\/wp-json\/wp\/v2\/pages\/510\/revisions"}],"predecessor-version":[{"id":952,"href":"https:\/\/zafiroconsultoria.cl\/en\/wp-json\/wp\/v2\/pages\/510\/revisions\/952"}],"wp:featuredmedia":[{"embeddable":true,"href":"https:\/\/zafiroconsultoria.cl\/en\/wp-json\/wp\/v2\/media\/927"}],"wp:attachment":[{"href":"https:\/\/zafiroconsultoria.cl\/en\/wp-json\/wp\/v2\/media?parent=510"}],"curies":[{"name":"wp","href":"https:\/\/api.w.org\/{rel}","templated":true}]}}