{"id":512,"date":"2015-08-11T14:13:04","date_gmt":"2015-08-11T14:13:04","guid":{"rendered":"http:\/\/www.zafiroconsultoria.cl\/?page_id=512"},"modified":"2018-12-17T12:22:43","modified_gmt":"2018-12-17T12:22:43","slug":"mineria","status":"publish","type":"page","link":"https:\/\/zafiroconsultoria.cl\/en\/mineria\/","title":{"rendered":"Miner\u00eda"},"content":{"rendered":"<p><a href=\"http:\/\/www.zafiroconsultoria.cl\/blog\/wp-content\/uploads\/2015\/08\/KLEIN-KST-Stationary-Tower-with-K-8002.jpg\"><img loading=\"lazy\" class=\"alignright size-medium wp-image-775\" title=\"KLEIN KST Stationary Tower with K-800\" src=\"http:\/\/www.zafiroconsultoria.cl\/blog\/wp-content\/uploads\/2015\/08\/KLEIN-KST-Stationary-Tower-with-K-8002-300x174.jpg\" alt=\"\" width=\"300\" height=\"174\" srcset=\"https:\/\/zafiroconsultoria.cl\/wp-content\/uploads\/2015\/08\/KLEIN-KST-Stationary-Tower-with-K-8002-300x174.jpg 300w, https:\/\/zafiroconsultoria.cl\/wp-content\/uploads\/2015\/08\/KLEIN-KST-Stationary-Tower-with-K-8002.jpg 810w\" sizes=\"(max-width: 300px) 100vw, 300px\" \/><\/a><\/p>\n<p>Nuestros servicios para empresas con soluciones innovadoras probadas en el \u00e1mbito de miner\u00eda sustentable son:<\/p>\n<ul>\n<li>Estudios de mercados<\/li>\n<li>Desarrollo de estrategia internacionalizaci\u00f3n<\/li>\n<li>Desarrollo de Plan de Marketing y Plan de Ventas<\/li>\n<li>Desarrollo de Material comunicacional y de promoci\u00f3n<\/li>\n<li>Identificaci\u00f3n y evaluaci\u00f3n de contrapartes<\/li>\n<li>Vinculazi\u00f3n con potenciales clientes, socios estrat\u00e9gicos y agentes relevantes.<\/li>\n<li>An\u00e1lisis de costos FOB, CIF y precio de mercado.<\/li>\n<li>Apoyo administrativo, contable y legal<\/li>\n<li>Promoci\u00f3n y corretaje de oportunidades de inversi\u00f3n<\/li>\n<\/ul>\n<p>Zafiro Consultor\u00eda cuenta con oficinas en Santiago de Chile, y Toronto, Canad\u00e1 y alianzas en Per\u00fa, Colombia y M\u00e9xico distritos mineros estrat\u00e9gicas en la industria minera mundial. A trav\u00e9s de las cuales promueve el desarrollo y comercializaci\u00f3n de soluciones para una industria minera sustentable y segura.<\/p>\n<p>Nuestro equipo profesional ha trabajado con empresas mineras como Codelco, Teck, Glencore y Antofagasta Minerals, promoviendo el desarrollo de pilotos y la comercializaci\u00f3n de nuevos productos y servicios tanto en Chile con en Canad\u00e1. Asimismo, contamos con experiencia trabajando con Centros de I+D en la creaci\u00f3n e internacionalizaci\u00f3n de spin-off, negociaci\u00f3n e introducci\u00f3n de productos sustentables al mercado, adecuaci\u00f3n de procesos, financiamiento de capital de trabajo y negociaci\u00f3n de contratos.<\/p>\n<p><span style=\"text-decoration: underline;\">Cont\u00e1ctenos para ver conversar como podemos ayudarle<\/span><\/p>","protected":false},"excerpt":{"rendered":"<p>Nuestros servicios para empresas con soluciones innovadoras probadas en el \u00e1mbito de miner\u00eda sustentable son: Estudios de mercados Desarrollo de estrategia internacionalizaci\u00f3n Desarrollo de Plan de Marketing y Plan de Ventas Desarrollo de Material comunicacional y de promoci\u00f3n Identificaci\u00f3n y evaluaci\u00f3n de contrapartes Vinculazi\u00f3n con potenciales clientes, socios estrat\u00e9gicos y agentes relevantes. An\u00e1lisis de costos FOB, CIF y precio de mercado. Apoyo administrativo, contable y legal Promoci\u00f3n y corretaje de oportunidades de inversi\u00f3n Zafiro Consultor\u00eda cuenta con oficinas en Santiago de Chile, y Toronto, Canad\u00e1 y alianzas en Per\u00fa, Colombia y M\u00e9xico distritos mineros estrat\u00e9gicas en la industria minera mundial. A trav\u00e9s de las cuales<span class=\"more-link\"><a href=\"https:\/\/zafiroconsultoria.cl\/en\/mineria\/\">Read More &rarr;<\/a><\/span><\/p>\n","protected":false},"author":2,"featured_media":923,"parent":0,"menu_order":0,"comment_status":"open","ping_status":"open","template":"","meta":[],"aioseo_notices":[],"_links":{"self":[{"href":"https:\/\/zafiroconsultoria.cl\/en\/wp-json\/wp\/v2\/pages\/512"}],"collection":[{"href":"https:\/\/zafiroconsultoria.cl\/en\/wp-json\/wp\/v2\/pages"}],"about":[{"href":"https:\/\/zafiroconsultoria.cl\/en\/wp-json\/wp\/v2\/types\/page"}],"author":[{"embeddable":true,"href":"https:\/\/zafiroconsultoria.cl\/en\/wp-json\/wp\/v2\/users\/2"}],"replies":[{"embeddable":true,"href":"https:\/\/zafiroconsultoria.cl\/en\/wp-json\/wp\/v2\/comments?post=512"}],"version-history":[{"count":16,"href":"https:\/\/zafiroconsultoria.cl\/en\/wp-json\/wp\/v2\/pages\/512\/revisions"}],"predecessor-version":[{"id":962,"href":"https:\/\/zafiroconsultoria.cl\/en\/wp-json\/wp\/v2\/pages\/512\/revisions\/962"}],"wp:featuredmedia":[{"embeddable":true,"href":"https:\/\/zafiroconsultoria.cl\/en\/wp-json\/wp\/v2\/media\/923"}],"wp:attachment":[{"href":"https:\/\/zafiroconsultoria.cl\/en\/wp-json\/wp\/v2\/media?parent=512"}],"curies":[{"name":"wp","href":"https:\/\/api.w.org\/{rel}","templated":true}]}}