{"id":516,"date":"2015-08-11T14:14:29","date_gmt":"2015-08-11T14:14:29","guid":{"rendered":"http:\/\/www.zafiroconsultoria.cl\/?page_id=516"},"modified":"2018-12-17T13:54:45","modified_gmt":"2018-12-17T13:54:45","slug":"salud","status":"publish","type":"page","link":"https:\/\/zafiroconsultoria.cl\/en\/salud\/","title":{"rendered":"Salud"},"content":{"rendered":"<p><a href=\"http:\/\/www.zafiroconsultoria.cl\/blog\/wp-content\/uploads\/2009\/08\/adn.jpg\"><img loading=\"lazy\" class=\"alignright size-medium wp-image-105\" title=\"adn\" src=\"http:\/\/www.zafiroconsultoria.cl\/blog\/wp-content\/uploads\/2009\/08\/adn-300x225.jpg\" alt=\"\" width=\"300\" height=\"225\" srcset=\"https:\/\/zafiroconsultoria.cl\/wp-content\/uploads\/2009\/08\/adn-300x225.jpg 300w, https:\/\/zafiroconsultoria.cl\/wp-content\/uploads\/2009\/08\/adn.jpg 800w\" sizes=\"(max-width: 300px) 100vw, 300px\" \/><\/a>Zafiro Consultor\u00eda, en alianza con <a href=\"http:\/\/www.shifthealth.com\">Shift Health<\/a><a href=\"http:\/\/www.shifthealth.com\">,<\/a>\u00a0empresa l\u00edder a nivel mundial de consultor\u00eda estrat\u00e9gica para empresas farmac\u00e9uticas, hospitales, universidades, gobierno y emprendimientos.<\/p>\n<p>El equipo multidisciplinario de Zafiro Consultor\u00eda y Shift Health pone a su disposici\u00f3n a cient\u00edficos, profesionales de la salud con formaci\u00f3n multidisciplinaria en \u00e1reas de la salud y formaci\u00f3n en negocios.<\/p>\n<p>Trabajamos con l\u00edderes a nivel mundial en los \u00e1mbitos de nuevos desarrollos para el cuidado de la salud, la generaci\u00f3n e implementaci\u00f3n de nuevas pol\u00edticas de salud p\u00fablica, promoviendo agendas de I+D, regulaciones y tratamientos.\u00a0 Nuestros servicios conjuntos apoyan el desarrollo de innovaciones desde el descubrimiento hasta su comercializaci\u00f3n, mediante la generaci\u00f3n de alianzas que permiten integrar capacidades complementarias y recursos para impactar la calidad de vida de pacientes, creando valor de manera pr\u00e1ctica para la sociedad y los promotores de las innovaciones en la salud.<\/p>\n<p>Los servicios que ofrecemos en conjunto a Shift Health son:<\/p>\n<ul>\n<li>Transformaci\u00f3n y Modernizaci\u00f3n de sistemas de salud<\/li>\n<li>Amplificaci\u00f3n del impacto de Centros y entidades que realizan I+D en salud<\/li>\n<li>Desarrollo de sistemas de innovaci\u00f3n exitosos en la industria de la salud<\/li>\n<li>Promoci\u00f3n de alianzas efectivas<\/li>\n<li>Evaluaci\u00f3n del mercado y propiedad intelectual de innovaciones en etapas precl\u00ednicas y cl\u00ednicas<\/li>\n<li>Desarrollo de planes y vinculaciones estrat\u00e9gicas para innovaciones en distintas fases del desarrollo de nuevos medicamentos.<\/li>\n<li>Desarrollo de capacidades locales a nivel pa\u00eds<\/li>\n<li>Alineaci\u00f3n de programas y portafolios de I+D con las necesidades, regulaciones y nuevos adelantos del mercado.<\/li>\n<li>Identificaci\u00f3n y evaluaci\u00f3n de oportunidades de inversi\u00f3n<\/li>\n<li>Planificaci\u00f3n para el desarrollo de Productos<\/li>\n<li>Desarrollo de alianzas y esfuerzos p\u00fablico-privados<\/li>\n<\/ul>\n<p>&nbsp;<\/p>\n<p>Zafiro Consultor\u00eda en conjunto a Shift Health le ofrecen las capacidades de promover la innovaci\u00f3n y optimizaci\u00f3n de sistemas de salud locales, promoviendo el desarrollo e integraci\u00f3n de la cadena de valor local con actores mundiales y la adecuaci\u00f3n de buenas pr\u00e1cticas desde un enfoque multidisciplinario.<\/p>\n<p>As\u00ed mismo, apoyamos la generaci\u00f3n de alianzas multisectoriales para potenciar iniciativas de I+D en la salud, promover el desarrollo de nuevos productos, mitigar el riesgo, optimizar el uso de los recursos, generar alianzas estrat\u00e9gicas, e innovar en la salud para mejorar la salud p\u00fablica de manera transparente, beneficiosa para todas las partes involucradas en cumplimiento con las regulaciones y buenas pr\u00e1cticas locales e internacionales. Trabajamos con l\u00edderes de programas y portafolios de desarrollo para fortalecer sus pipelines, evaluando su cartera y evaluando oportunidades de licenciamiento in-out.\u00a0 Promovemos alianzas p\u00fablico privado para canalizar los recursos y capacidades necesarias para generar resultados e innovaciones de impacto social y econ\u00f3mico con un menor riesgo y menor tiempo.<\/p>\n<p><span style=\"text-decoration: underline;\"><a href=\"https:\/\/zafiroconsultoria.cl\/contacto\/\">Cont\u00e1ctenos para p<\/a>otenciar sus innovaciones en salud!!<\/span><\/p>","protected":false},"excerpt":{"rendered":"<p>Zafiro Consultor\u00eda, en alianza con Shift Health,\u00a0empresa l\u00edder a nivel mundial de consultor\u00eda estrat\u00e9gica para empresas farmac\u00e9uticas, hospitales, universidades, gobierno y emprendimientos. El equipo multidisciplinario de Zafiro Consultor\u00eda y Shift Health pone a su disposici\u00f3n a cient\u00edficos, profesionales de la salud con formaci\u00f3n multidisciplinaria en \u00e1reas de la salud y formaci\u00f3n en negocios. Trabajamos con l\u00edderes a nivel mundial en los \u00e1mbitos de nuevos desarrollos para el cuidado de la salud, la generaci\u00f3n e implementaci\u00f3n de nuevas pol\u00edticas de salud p\u00fablica, promoviendo agendas de I+D, regulaciones y tratamientos.\u00a0 Nuestros servicios conjuntos apoyan el desarrollo de innovaciones desde el descubrimiento hasta su comercializaci\u00f3n, mediante la generaci\u00f3n<span class=\"more-link\"><a href=\"https:\/\/zafiroconsultoria.cl\/en\/salud\/\">Read More &rarr;<\/a><\/span><\/p>\n","protected":false},"author":2,"featured_media":872,"parent":0,"menu_order":0,"comment_status":"closed","ping_status":"closed","template":"","meta":[],"aioseo_notices":[],"_links":{"self":[{"href":"https:\/\/zafiroconsultoria.cl\/en\/wp-json\/wp\/v2\/pages\/516"}],"collection":[{"href":"https:\/\/zafiroconsultoria.cl\/en\/wp-json\/wp\/v2\/pages"}],"about":[{"href":"https:\/\/zafiroconsultoria.cl\/en\/wp-json\/wp\/v2\/types\/page"}],"author":[{"embeddable":true,"href":"https:\/\/zafiroconsultoria.cl\/en\/wp-json\/wp\/v2\/users\/2"}],"replies":[{"embeddable":true,"href":"https:\/\/zafiroconsultoria.cl\/en\/wp-json\/wp\/v2\/comments?post=516"}],"version-history":[{"count":12,"href":"https:\/\/zafiroconsultoria.cl\/en\/wp-json\/wp\/v2\/pages\/516\/revisions"}],"predecessor-version":[{"id":978,"href":"https:\/\/zafiroconsultoria.cl\/en\/wp-json\/wp\/v2\/pages\/516\/revisions\/978"}],"wp:featuredmedia":[{"embeddable":true,"href":"https:\/\/zafiroconsultoria.cl\/en\/wp-json\/wp\/v2\/media\/872"}],"wp:attachment":[{"href":"https:\/\/zafiroconsultoria.cl\/en\/wp-json\/wp\/v2\/media?parent=516"}],"curies":[{"name":"wp","href":"https:\/\/api.w.org\/{rel}","templated":true}]}}