{"id":6,"date":"2012-09-03T19:08:39","date_gmt":"2012-09-03T19:08:39","guid":{"rendered":"http:\/\/wordpress.thebebel.com\/showcase\/people2\/?page_id=6"},"modified":"2018-12-17T12:37:43","modified_gmt":"2018-12-17T12:37:43","slug":"clients","status":"publish","type":"page","link":"https:\/\/zafiroconsultoria.cl\/en\/clients\/","title":{"rendered":"Clientes"},"content":{"rendered":"<p>Zafiro Consultor\u00eda a apoyado a m\u00e1s de 150 clientes, entre los cuales podemos mencionar:<\/p>\n<ul>\n<li>Pontificia Universidad Cat\u00f3lica<\/li>\n<li>Microsoft<\/li>\n<li>Universidad Santiago de Chile<\/li>\n<li>York University<\/li>\n<li>Universidad Mayor<\/li>\n<li>Universidad de Chile<\/li>\n<li>Universidad Santa Mar\u00eda<\/li>\n<li>Banco Mundial<\/li>\n<li>IADB &#8211; FOMIN<\/li>\n<li>Universidad Adolfo Iba\u00f1ez<\/li>\n<li>Banco Par\u00edas &#8211; Cencosud<\/li>\n<li>Roche<\/li>\n<li>CORFO<\/li>\n<li>Conicyt &#8211; Fondef<\/li>\n<li>Codelco<\/li>\n<\/ul>\n","protected":false},"excerpt":{"rendered":"<p>Zafiro Consultor\u00eda a apoyado a m\u00e1s de 150 clientes, entre los cuales podemos mencionar: Pontificia Universidad Cat\u00f3lica Microsoft Universidad Santiago de Chile York University Universidad Mayor Universidad de Chile Universidad Santa Mar\u00eda Banco Mundial IADB &#8211; FOMIN Universidad Adolfo Iba\u00f1ez Banco Par\u00edas &#8211; Cencosud Roche CORFO Conicyt &#8211; Fondef Codelco<span class=\"more-link\"><a href=\"https:\/\/zafiroconsultoria.cl\/en\/clients\/\">Read More &rarr;<\/a><\/span><\/p>\n","protected":false},"author":1,"featured_media":0,"parent":0,"menu_order":0,"comment_status":"open","ping_status":"open","template":"","meta":[],"aioseo_notices":[],"_links":{"self":[{"href":"https:\/\/zafiroconsultoria.cl\/en\/wp-json\/wp\/v2\/pages\/6"}],"collection":[{"href":"https:\/\/zafiroconsultoria.cl\/en\/wp-json\/wp\/v2\/pages"}],"about":[{"href":"https:\/\/zafiroconsultoria.cl\/en\/wp-json\/wp\/v2\/types\/page"}],"author":[{"embeddable":true,"href":"https:\/\/zafiroconsultoria.cl\/en\/wp-json\/wp\/v2\/users\/1"}],"replies":[{"embeddable":true,"href":"https:\/\/zafiroconsultoria.cl\/en\/wp-json\/wp\/v2\/comments?post=6"}],"version-history":[{"count":3,"href":"https:\/\/zafiroconsultoria.cl\/en\/wp-json\/wp\/v2\/pages\/6\/revisions"}],"predecessor-version":[{"id":966,"href":"https:\/\/zafiroconsultoria.cl\/en\/wp-json\/wp\/v2\/pages\/6\/revisions\/966"}],"wp:attachment":[{"href":"https:\/\/zafiroconsultoria.cl\/en\/wp-json\/wp\/v2\/media?parent=6"}],"curies":[{"name":"wp","href":"https:\/\/api.w.org\/{rel}","templated":true}]}}